{"id":150,"date":"2016-03-19T18:44:33","date_gmt":"2016-03-19T17:44:33","guid":{"rendered":"http:\/\/okpb1995.bplaced.net\/?page_id=150"},"modified":"2016-03-19T19:06:32","modified_gmt":"2016-03-19T18:06:32","slug":"vogeluhr","status":"publish","type":"page","link":"http:\/\/okpb1995.bplaced.net\/?page_id=150","title":{"rendered":"Vogeluhr"},"content":{"rendered":"<p><span style=\"color: #008000;\">V\u00f6gel beginnen ihren Gesang nicht zu einer festgelegten Stunde. Vielmehr startet die Aktivit\u00e4t in Abh\u00e4ngigkeit von der Helligkeit. Somit ist bei klarem Wetter der Sonnenaufgang\u00a0ausschlaggebend (Bew\u00f6lkung und Nebel verz\u00f6gern diese Startzeiten).<\/span><\/p>\n<ul>\n<li><span style=\"color: #008000;\">Feldlerche und Gartenrotschwanz starten den Gesang bereits 80 Minuten vor Sonnenaufgang.<\/span><\/li>\n<li><span style=\"color: #008000;\">Hausrotschwanz: 70 Minuten vor Sonnenaufgang<\/span><\/li>\n<li><span style=\"color: #008000;\">Schwarzdrossel und Singdrossel: 55 Minuten vor Sonnenaufgang<\/span><\/li>\n<li><span style=\"color: #008000;\">Rotkehlchen: 50 Minuten vor Sonnenaufgang<\/span><\/li>\n<li><span style=\"color: #008000;\">Zaunk\u00f6nig, M\u00f6nchsgrasm\u00fccke und Goldammer: 45 Minuten vor Sonnenaufgang<\/span><\/li>\n<li><span style=\"color: #008000;\">Kohlmeise: 40 Minuten vor Sonnenaufgang<\/span><\/li>\n<li><span style=\"color: #008000;\">Blaumeise, Heckenbraunelle, Zilpzalp, Baumpieper: 35 Minuten vor Sonnenaufgang<\/span><\/li>\n<li><span style=\"color: #008000;\">Buchfink: 30 Minuten vor Sonnenaufgang<\/span><\/li>\n<li><span style=\"color: #008000;\">Haussperling, Girlitz: 20 Minuten vor Sonnenaufgang<\/span><\/li>\n<li><span style=\"color: #008000;\">Star, Gr\u00fcnfink: 15 Minuten vor Sonnenaufgang<\/span><\/li>\n<\/ul>\n<p><span style=\"color: #008000;\">Hier kann man sich die Zeiten f\u00fcr den Sonnenaufgang eines Monats berechnen lassen:<\/span> <span style=\"color: #ff6600;\"><strong><a style=\"color: #ff6600;\" href=\"http:\/\/jekophoto.de\/tools\/daemmerungsrechner-blaue-stunde-goldene-stunde\/index.php\" target=\"_blank\">Sonnenaufgang, D\u00e4mmerung, Blaue Stunde<\/a><\/strong><\/span><\/p>\n","protected":false},"excerpt":{"rendered":"<p>V\u00f6gel beginnen ihren Gesang nicht zu einer festgelegten Stunde. Vielmehr startet die Aktivit\u00e4t in Abh\u00e4ngigkeit von der Helligkeit. Somit ist bei klarem Wetter der Sonnenaufgang\u00a0ausschlaggebend (Bew\u00f6lkung und Nebel verz\u00f6gern diese Startzeiten). Feldlerche und Gartenrotschwanz starten den Gesang bereits 80 Minuten vor Sonnenaufgang. Hausrotschwanz: 70 Minuten vor Sonnenaufgang Schwarzdrossel und Singdrossel: 55 Minuten vor Sonnenaufgang Rotkehlchen: [&hellip;]<\/p>\n","protected":false},"author":3,"featured_media":0,"parent":5,"menu_order":1,"comment_status":"closed","ping_status":"closed","template":"","meta":{"_mc_calendar":[],"footnotes":""},"class_list":["post-150","page","type-page","status-publish","hentry"],"aioseo_notices":[],"_links":{"self":[{"href":"http:\/\/okpb1995.bplaced.net\/index.php?rest_route=\/wp\/v2\/pages\/150","targetHints":{"allow":["GET"]}}],"collection":[{"href":"http:\/\/okpb1995.bplaced.net\/index.php?rest_route=\/wp\/v2\/pages"}],"about":[{"href":"http:\/\/okpb1995.bplaced.net\/index.php?rest_route=\/wp\/v2\/types\/page"}],"author":[{"embeddable":true,"href":"http:\/\/okpb1995.bplaced.net\/index.php?rest_route=\/wp\/v2\/users\/3"}],"replies":[{"embeddable":true,"href":"http:\/\/okpb1995.bplaced.net\/index.php?rest_route=%2Fwp%2Fv2%2Fcomments&post=150"}],"version-history":[{"count":14,"href":"http:\/\/okpb1995.bplaced.net\/index.php?rest_route=\/wp\/v2\/pages\/150\/revisions"}],"predecessor-version":[{"id":170,"href":"http:\/\/okpb1995.bplaced.net\/index.php?rest_route=\/wp\/v2\/pages\/150\/revisions\/170"}],"up":[{"embeddable":true,"href":"http:\/\/okpb1995.bplaced.net\/index.php?rest_route=\/wp\/v2\/pages\/5"}],"wp:attachment":[{"href":"http:\/\/okpb1995.bplaced.net\/index.php?rest_route=%2Fwp%2Fv2%2Fmedia&parent=150"}],"curies":[{"name":"wp","href":"https:\/\/api.w.org\/{rel}","templated":true}]}}